{"id":704,"date":"2018-02-07T11:12:31","date_gmt":"2018-02-07T10:12:31","guid":{"rendered":"http:\/\/www.akzent-palma.com\/relaunch2018\/?page_id=704"},"modified":"2019-07-15T14:31:37","modified_gmt":"2019-07-15T12:31:37","slug":"testimonials","status":"publish","type":"page","link":"https:\/\/www.akzent-palma.com\/en\/testimonials\/","title":{"rendered":"Testimonials"},"content":{"rendered":"<section class=\"l-section wpb_row height_auto width_full\"><div class=\"l-section-h i-cf\"><div class=\"g-cols vc_row via_flex valign_top type_default stacking_default\"><div class=\"vc_col-sm-12 wpb_column vc_column_container\"><div class=\"vc_column-inner\"><div class=\"wpb_wrapper\"><div class=\"w-image align_center\"><div class=\"w-image-h\"><img decoding=\"async\" width=\"2800\" height=\"714\" src=\"https:\/\/www.akzent-palma.com\/relaunch2018\/wp-content\/uploads\/bildungsurlaub_foerderungen.jpg\" class=\"attachment-full size-full\" alt=\"\" loading=\"lazy\" srcset=\"https:\/\/www.akzent-palma.com\/relaunch2018\/wp-content\/uploads\/bildungsurlaub_foerderungen.jpg 2800w, https:\/\/www.akzent-palma.com\/relaunch2018\/wp-content\/uploads\/bildungsurlaub_foerderungen-450x115.jpg 450w, https:\/\/www.akzent-palma.com\/relaunch2018\/wp-content\/uploads\/bildungsurlaub_foerderungen-768x196.jpg 768w, https:\/\/www.akzent-palma.com\/relaunch2018\/wp-content\/uploads\/bildungsurlaub_foerderungen-1024x261.jpg 1024w\" sizes=\"auto, (max-width: 2800px) 100vw, 2800px\" \/><\/div><\/div><\/div><\/div><\/div><\/div><\/div><\/section><section class=\"l-section wpb_row height_medium\"><div class=\"l-section-h i-cf\"><div class=\"g-cols vc_row via_flex valign_top type_default stacking_default\"><div class=\"vc_col-sm-12 wpb_column vc_column_container\"><div class=\"vc_column-inner\"><div class=\"wpb_wrapper\"><div id=\"ultimate-heading-146669f8812530b01\" class=\"uvc-heading ult-adjust-bottom-margin ultimate-heading-146669f8812530b01 uvc-1095 \" data-hspacer=\"no_spacer\"  data-halign=\"left\" style=\"text-align:left\"><div class=\"uvc-heading-spacer no_spacer\" style=\"top\"><\/div><div class=\"uvc-main-heading ult-responsive\"  data-ultimate-target='.uvc-heading.ultimate-heading-146669f8812530b01 h1'  data-responsive-json-new='{\"font-size\":\"\",\"line-height\":\"\"}' ><h1 style=\"font-weight:normal;margin-bottom:45px;\">Testimonials<\/h1><\/div><\/div><div class=\"w-grid type_masonry layout_1190 cols_3 with_isotope\" id=\"us_grid_1\" style=\"--columns:3;--gap:1.5rem;\" data-filterable=\"true\"><style>@media (max-width:1024px){#us_grid_1{--columns:2!important}}@media (max-width:600px){#us_grid_1{--columns:1!important}}.layout_1190 .w-grid-item-h{}.layout_1190 .usg_vwrapper_1{transition-duration:0.3s;transform:scale(1) translate(0%,0%)}.layout_1190 .w-grid-item-h:focus-within .usg_vwrapper_1,.layout_1190 .w-grid-item-h:hover .usg_vwrapper_1{transform:scale(1) translate(0%,0%);opacity:1;border-color:#008891!important}<\/style><div class=\"w-grid-list\">\t<article class=\"w-grid-item size_1x1 post-729 us_testimonial type-us_testimonial status-publish hentry us_testimonial_category-testimonial-en\" data-id=\"729\">\r\n\t\t<div class=\"w-grid-item-h\">\r\n\t\t\t\t\t\t<div class=\"w-vwrapper usg_vwrapper_1 align_left valign_top\"><div class=\"w-post-elm post_content usg_post_content_1\"><p>Hase unos a\u00f1os descubr\u00ed, un poco por azar, la librer\u00eda Akzent. La necesidad de comprar un diccionario alem\u00e1n-espa\u00f1ol me llev\u00f3 hasta all\u00ed y mi grata sorpresa fue ver que tambi\u00e9n impart\u00edan clases de alem\u00e1n. Para el siguiente curso ya decid\u00ed apuntarme y fue la mejor opci\u00f3n. Entre tanto han pasado varios a\u00f1os y soy una alumna fiel. Los grupos son muy reducidos, el profesorado nativo y muy profesional y el trato cordial y famili\u00e4r. En definitiva, una academia altamente recomendable.<\/p>\n<\/div><div class=\"w-hwrapper usg_hwrapper_1 align_left valign_middle\"><div class=\"w-vwrapper usg_vwrapper_2 align_left valign_top\"><div class=\"w-post-elm post_custom_field usg_post_custom_field_1 type_text us_testimonial_author\"><span class=\"w-post-elm-value\">Fanny Garc\u00eda. Cursos cuatrimestrales de alem\u00e1n. <\/span><\/div><div class=\"w-post-elm post_custom_field usg_post_custom_field_2 type_text us_testimonial_role color_link_inherit\"><span class=\"w-post-elm-value\">Profesi\u00f3n: Pintora.<\/span><\/div><\/div><\/div><\/div>\t\t<\/div>\r\n\t\t\t<\/article>\r\n\t<article class=\"w-grid-item size_1x1 post-727 us_testimonial type-us_testimonial status-publish hentry us_testimonial_category-testimonial-en\" data-id=\"727\">\r\n\t\t<div class=\"w-grid-item-h\">\r\n\t\t\t\t\t\t<div class=\"w-vwrapper usg_vwrapper_1 align_left valign_top\"><div class=\"w-post-elm post_content usg_post_content_1\"><div class=\"\">\n<p><span class=\"\">Me gustaria poder compartir mi experiencia personal con vosotros\u00a0 y con aquellos que busquen un buen lugar donde poder aprender alem\u00e1n. Y asi una vez mas deciros lo contenta y orgullosa que estoy con vosotros puesto que en corto plazo he dado pasos firmes.<\/span><\/p>\n<div class=\"\" dir=\"auto\">\u00a0En primer lugar quisiera felicitar a la academia; por la atenci\u00f3n y asesoramiento que facilitan asi como el apoyo que dan \u00a1\u00a1Gracias Elena!!. Sin olvidarme de mencionar a la &#8220;mejor profesora&#8221;: Adriana. Para mi es sin duda la mejor profesora abarcando todos los niveles de ense\u00f1anza. He estado en otras academias y me costaba mucho aprender y en \u00e9sta, desde el primer dia, lo emtendia todo a la primera: Es genuine dando las explicaciones, puesto que desarrolla diversas t\u00e9cnicas para nuestra comprensi\u00f3n hasta que \u00e9stas nos quedan completamente comprendidas con un humor muy divertido y alegre, siempre atenta a nosotros en el aula haciendo que resulten m\u00e1s f\u00e1ciles e intetesantes las clases. Gracias y como se dice en alem\u00e1n ; Herzliche Gr\u00fc\u00dfe. Lorena<\/div>\n<\/div>\n<\/div><div class=\"w-hwrapper usg_hwrapper_1 align_left valign_middle\"><div class=\"w-vwrapper usg_vwrapper_2 align_left valign_top\"><div class=\"w-post-elm post_custom_field usg_post_custom_field_1 type_text us_testimonial_author\"><span class=\"w-post-elm-value\">Lorena Hern\u00e1ndez. Cursos intensivos de alem\u00e1n<\/span><\/div><div class=\"w-post-elm post_custom_field usg_post_custom_field_2 type_text us_testimonial_role color_link_inherit\"><span class=\"w-post-elm-value\">Profesi\u00f3n: Hosteler\u00eda<\/span><\/div><\/div><\/div><\/div>\t\t<\/div>\r\n\t\t\t<\/article>\r\n\t<article class=\"w-grid-item size_1x1 post-608 us_testimonial type-us_testimonial status-publish hentry us_testimonial_category-testimonial-en\" data-id=\"608\">\r\n\t\t<div class=\"w-grid-item-h\">\r\n\t\t\t\t\t\t<div class=\"w-vwrapper usg_vwrapper_1 align_left valign_top\"><div class=\"w-post-elm post_content usg_post_content_1\"><p>Tolle Sprachschule, sehr famili\u00e4r, kleine Gruppen, schneller Lernerfolg. Super Team. Der n\u00e4chste Kurs auf jeden Fall wieder bei euch.<\/p>\n<\/div><div class=\"w-hwrapper usg_hwrapper_1 align_left valign_middle\"><div class=\"w-vwrapper usg_vwrapper_2 align_left valign_top\"><div class=\"w-post-elm post_custom_field usg_post_custom_field_1 type_text us_testimonial_author\"><span class=\"w-post-elm-value\">Emma<\/span><\/div><div class=\"w-post-elm post_custom_field usg_post_custom_field_2 type_text us_testimonial_role color_link_inherit\"><span class=\"w-post-elm-value\">Beruf: Journalistin<\/span><\/div><\/div><\/div><\/div>\t\t<\/div>\r\n\t\t\t<\/article>\r\n\t<article class=\"w-grid-item size_1x1 post-609 us_testimonial type-us_testimonial status-publish hentry us_testimonial_category-testimonial-en\" data-id=\"609\">\r\n\t\t<div class=\"w-grid-item-h\">\r\n\t\t\t\t\t\t<div class=\"w-vwrapper usg_vwrapper_1 align_left valign_top\"><div class=\"w-post-elm post_content usg_post_content_1\"><p>Wir waren zwei Wochen auf der Insel und haben einen Intensivkurs gemacht. Es war unglaublich, wie schnell wir schon nach kurzer Zeit sprechen konnten. Ganz tolle Betreuung.<\/p>\n<\/div><div class=\"w-hwrapper usg_hwrapper_1 align_left valign_middle\"><div class=\"w-vwrapper usg_vwrapper_2 align_left valign_top\"><div class=\"w-post-elm post_custom_field usg_post_custom_field_1 type_text us_testimonial_author\"><span class=\"w-post-elm-value\">Judith & Sabrina<\/span><\/div><div class=\"w-post-elm post_custom_field usg_post_custom_field_2 type_text us_testimonial_role color_link_inherit\"><span class=\"w-post-elm-value\">Beruf: Studentinnen<\/span><\/div><\/div><\/div><\/div>\t\t<\/div>\r\n\t\t\t<\/article>\r\n\t<article class=\"w-grid-item size_1x1 post-610 us_testimonial type-us_testimonial status-publish hentry us_testimonial_category-testimonial-en\" data-id=\"610\">\r\n\t\t<div class=\"w-grid-item-h\">\r\n\t\t\t\t\t\t<div class=\"w-vwrapper usg_vwrapper_1 align_left valign_top\"><div class=\"w-post-elm post_content usg_post_content_1\"><p>Best language school for me, I really liked the bookshop too. Very competent and friendly staff.<\/p>\n<\/div><div class=\"w-hwrapper usg_hwrapper_1 align_left valign_middle\"><div class=\"w-vwrapper usg_vwrapper_2 align_left valign_top\"><div class=\"w-post-elm post_custom_field usg_post_custom_field_1 type_text us_testimonial_author\"><span class=\"w-post-elm-value\">Greg<\/span><\/div><div class=\"w-post-elm post_custom_field usg_post_custom_field_2 type_text us_testimonial_role color_link_inherit\"><span class=\"w-post-elm-value\">Profession: Marketing Manager<\/span><\/div><\/div><\/div><\/div>\t\t<\/div>\r\n\t\t\t<\/article>\r\n<\/div><div class=\"w-grid-preloader\">\t<div class=\"g-preloader type_1\">\r\n\t\t<div><\/div>\r\n\t<\/div>\r\n\t<\/div>\t<div class=\"w-grid-json hidden\" onclick='return {&quot;action&quot;:&quot;us_ajax_grid&quot;,&quot;infinite_scroll&quot;:0,&quot;max_num_pages&quot;:1,&quot;pagination&quot;:&quot;none&quot;,&quot;template_vars&quot;:{&quot;columns&quot;:&quot;3&quot;,&quot;exclude_items&quot;:&quot;none&quot;,&quot;img_size&quot;:&quot;default&quot;,&quot;ignore_items_size&quot;:0,&quot;items_layout&quot;:&quot;1190&quot;,&quot;items_offset&quot;:&quot;1&quot;,&quot;load_animation&quot;:&quot;none&quot;,&quot;overriding_link&quot;:&quot;{\\&quot;url\\&quot;:\\&quot;\\&quot;}&quot;,&quot;post_id&quot;:0,&quot;query_args&quot;:{&quot;post_type&quot;:[&quot;us_testimonial&quot;],&quot;tax_query&quot;:[{&quot;taxonomy&quot;:&quot;us_testimonial_category&quot;,&quot;field&quot;:&quot;slug&quot;,&quot;terms&quot;:[&quot;testimonial-en&quot;]}],&quot;post_status&quot;:[&quot;publish&quot;],&quot;posts_per_page&quot;:&quot;10&quot;},&quot;orderby_query_args&quot;:{&quot;orderby&quot;:{&quot;date&quot;:&quot;DESC&quot;}},&quot;type&quot;:&quot;masonry&quot;,&quot;us_grid_post_type&quot;:&quot;us_testimonial&quot;,&quot;us_grid_ajax_index&quot;:1,&quot;us_grid_filter_query_string&quot;:null,&quot;us_grid_index&quot;:1,&quot;page_args&quot;:[],&quot;lang&quot;:&quot;en&quot;}}'><\/div>\r\n\t<\/div><\/div><\/div><\/div><\/div><\/div><\/section><section class=\"l-section wpb_row height_auto width_full\"><div class=\"l-section-h i-cf\"><div class=\"g-cols vc_row via_flex valign_top type_default stacking_default\"><div class=\"vc_col-sm-12 wpb_column vc_column_container\"><div class=\"vc_column-inner\"><div class=\"wpb_wrapper\"><div class=\"w-image align_center\"><div class=\"w-image-h\"><img decoding=\"async\" width=\"1920\" height=\"714\" src=\"https:\/\/www.akzent-palma.com\/relaunch2018\/wp-content\/uploads\/buchladen-sprachschule-mallorca-spanisch-deutsch.jpg\" class=\"attachment-full size-full\" alt=\"\" loading=\"lazy\" srcset=\"https:\/\/www.akzent-palma.com\/relaunch2018\/wp-content\/uploads\/buchladen-sprachschule-mallorca-spanisch-deutsch.jpg 1920w, https:\/\/www.akzent-palma.com\/relaunch2018\/wp-content\/uploads\/buchladen-sprachschule-mallorca-spanisch-deutsch-450x167.jpg 450w, https:\/\/www.akzent-palma.com\/relaunch2018\/wp-content\/uploads\/buchladen-sprachschule-mallorca-spanisch-deutsch-768x286.jpg 768w, https:\/\/www.akzent-palma.com\/relaunch2018\/wp-content\/uploads\/buchladen-sprachschule-mallorca-spanisch-deutsch-1024x381.jpg 1024w\" sizes=\"auto, (max-width: 1920px) 100vw, 1920px\" \/><\/div><\/div><\/div><\/div><\/div><\/div><\/div><\/section>\n","protected":false},"excerpt":{"rendered":"Best language school for me, I really liked the bookshop too. Very competent and friendly staff.","protected":false},"author":1,"featured_media":0,"parent":0,"menu_order":0,"comment_status":"closed","ping_status":"closed","template":"","meta":{"footnotes":""},"class_list":["post-704","page","type-page","status-publish","hentry"],"aioseo_notices":[],"_links":{"self":[{"href":"https:\/\/www.akzent-palma.com\/en\/wp-json\/wp\/v2\/pages\/704","targetHints":{"allow":["GET"]}}],"collection":[{"href":"https:\/\/www.akzent-palma.com\/en\/wp-json\/wp\/v2\/pages"}],"about":[{"href":"https:\/\/www.akzent-palma.com\/en\/wp-json\/wp\/v2\/types\/page"}],"author":[{"embeddable":true,"href":"https:\/\/www.akzent-palma.com\/en\/wp-json\/wp\/v2\/users\/1"}],"replies":[{"embeddable":true,"href":"https:\/\/www.akzent-palma.com\/en\/wp-json\/wp\/v2\/comments?post=704"}],"version-history":[{"count":7,"href":"https:\/\/www.akzent-palma.com\/en\/wp-json\/wp\/v2\/pages\/704\/revisions"}],"predecessor-version":[{"id":1219,"href":"https:\/\/www.akzent-palma.com\/en\/wp-json\/wp\/v2\/pages\/704\/revisions\/1219"}],"wp:attachment":[{"href":"https:\/\/www.akzent-palma.com\/en\/wp-json\/wp\/v2\/media?parent=704"}],"curies":[{"name":"wp","href":"https:\/\/api.w.org\/{rel}","templated":true}]}}