{"id":890,"date":"2017-12-13T13:17:00","date_gmt":"2017-12-13T12:17:00","guid":{"rendered":"http:\/\/www.akzent-palma.com\/relaunch2018\/quienes-somos\/"},"modified":"2020-06-10T14:27:05","modified_gmt":"2020-06-10T12:27:05","slug":"cursos-aleman-mallorca","status":"publish","type":"page","link":"https:\/\/www.akzent-palma.com\/es\/cursos-aleman-mallorca\/","title":{"rendered":"Qui\u00e9nes somos"},"content":{"rendered":"<section class=\"l-section wpb_row height_auto width_full\"><div class=\"l-section-h i-cf\"><div class=\"g-cols vc_row via_flex valign_top type_default stacking_default\"><div class=\"vc_col-sm-12 wpb_column vc_column_container\"><div class=\"vc_column-inner\"><div class=\"wpb_wrapper\"><div class=\"w-image align_center meta_simple\"><div class=\"w-image-h\"><img decoding=\"async\" width=\"1900\" height=\"714\" src=\"https:\/\/www.akzent-palma.com\/relaunch2018\/wp-content\/uploads\/team-akzent-2.jpg\" class=\"attachment-full size-full\" alt=\"\" loading=\"lazy\" srcset=\"https:\/\/www.akzent-palma.com\/relaunch2018\/wp-content\/uploads\/team-akzent-2.jpg 1900w, https:\/\/www.akzent-palma.com\/relaunch2018\/wp-content\/uploads\/team-akzent-2-450x169.jpg 450w, https:\/\/www.akzent-palma.com\/relaunch2018\/wp-content\/uploads\/team-akzent-2-768x289.jpg 768w, https:\/\/www.akzent-palma.com\/relaunch2018\/wp-content\/uploads\/team-akzent-2-1024x385.jpg 1024w\" sizes=\"auto, (max-width: 1900px) 100vw, 1900px\" \/><\/div><div class=\"w-image-meta\"><div class=\"w-image-title\">team-akzent<\/div><div class=\"w-image-description\">El equipo Akzent apuesta por el aprendizaje de alem\u00e1n al m\u00e1s alto nivel.<\/div><\/div><\/div><\/div><\/div><\/div><\/div><\/div><\/section><section class=\"l-section wpb_row height_medium\"><div class=\"l-section-h i-cf\"><div class=\"g-cols vc_row via_flex valign_top type_default stacking_default\"><div class=\"vc_col-sm-12 wpb_column vc_column_container\"><div class=\"vc_column-inner\"><div class=\"wpb_wrapper\"><div id=\"ultimate-heading-506269e16357a77aa\" class=\"uvc-heading ult-adjust-bottom-margin ultimate-heading-506269e16357a77aa uvc-1327 \" data-hspacer=\"no_spacer\"  data-halign=\"left\" style=\"text-align:left\"><div class=\"uvc-heading-spacer no_spacer\" style=\"top\"><\/div><div class=\"uvc-main-heading ult-responsive\"  data-ultimate-target='.uvc-heading.ultimate-heading-506269e16357a77aa h1'  data-responsive-json-new='{\"font-size\":\"\",\"line-height\":\"\"}' ><h1 style=\"font-weight:normal;\">Los profesores en Akzent<\/h1><\/div><\/div><div class=\"w-separator size_medium\"><\/div><div class=\"g-cols wpb_row via_flex valign_top type_default stacking_default\"><div class=\"vc_col-sm-6 wpb_column vc_column_container\"><div class=\"vc_column-inner\"><div class=\"wpb_wrapper\"><div id=\"ultimate-heading-74969e16357a87c2\" class=\"uvc-heading ult-adjust-bottom-margin ultimate-heading-74969e16357a87c2 uvc-9246 \" data-hspacer=\"no_spacer\"  data-halign=\"left\" style=\"text-align:left\"><div class=\"uvc-heading-spacer no_spacer\" style=\"top\"><\/div><div class=\"uvc-sub-heading ult-responsive\"  data-ultimate-target='.uvc-heading.ultimate-heading-74969e16357a87c2 .uvc-sub-heading '  data-responsive-json-new='{\"font-size\":\"\",\"line-height\":\"\"}'  style=\"font-weight:normal;\">Para ejercer como profesor en Akzent, el candidato debe cumplir dos requisitos: ser nativo y tener los estudios universitarios correspondientes. Igualmente importante son sus capacidades pedag\u00f3gicas y su talento personal para ense\u00f1ar.<\/div><\/div><\/div><\/div><\/div><div class=\"vc_col-sm-6 wpb_column vc_column_container\"><div class=\"vc_column-inner\"><div class=\"wpb_wrapper\"><div id=\"ultimate-heading-969469e16357a8a6f\" class=\"uvc-heading ult-adjust-bottom-margin ultimate-heading-969469e16357a8a6f uvc-3908 \" data-hspacer=\"no_spacer\"  data-halign=\"left\" style=\"text-align:left\"><div class=\"uvc-heading-spacer no_spacer\" style=\"top\"><\/div><div class=\"uvc-sub-heading ult-responsive\"  data-ultimate-target='.uvc-heading.ultimate-heading-969469e16357a8a6f .uvc-sub-heading '  data-responsive-json-new='{\"font-size\":\"\",\"line-height\":\"\"}'  style=\"font-weight:normal;\">Nuestros profesores transmiten de manera met\u00f3dica los conceptos gramaticales y son capaces de reaccionar espont\u00e1neamente a las necesidades particulares de los alumnos, motiv\u00e1ndolos, haci\u00e9ndoles avanzar positivamente y exigi\u00e9ndoles. En definitiva; nuestros profesores lo son en cuerpo y alma, pura vocaci\u00f3n y algunos llevan ya muchos a\u00f1os con nosotros.<\/div><\/div><\/div><\/div><\/div><\/div><\/div><\/div><\/div><\/div><\/div><\/section><section class=\"l-section wpb_row height_auto width_full\"><div class=\"l-section-h i-cf\"><div class=\"g-cols vc_row via_flex valign_top type_default stacking_default\"><div class=\"vc_col-sm-12 wpb_column vc_column_container\"><div class=\"vc_column-inner\"><div class=\"wpb_wrapper\"><div class=\"w-image align_center\"><div class=\"w-image-h\"><img decoding=\"async\" width=\"1920\" height=\"714\" src=\"https:\/\/www.akzent-palma.com\/relaunch2018\/wp-content\/uploads\/Quienes-somos-ES_.jpg\" class=\"attachment-full size-full\" alt=\"\" loading=\"lazy\" srcset=\"https:\/\/www.akzent-palma.com\/relaunch2018\/wp-content\/uploads\/Quienes-somos-ES_.jpg 1920w, https:\/\/www.akzent-palma.com\/relaunch2018\/wp-content\/uploads\/Quienes-somos-ES_-450x167.jpg 450w, https:\/\/www.akzent-palma.com\/relaunch2018\/wp-content\/uploads\/Quienes-somos-ES_-768x286.jpg 768w, https:\/\/www.akzent-palma.com\/relaunch2018\/wp-content\/uploads\/Quienes-somos-ES_-1024x381.jpg 1024w\" sizes=\"auto, (max-width: 1920px) 100vw, 1920px\" \/><\/div><\/div><\/div><\/div><\/div><\/div><\/div><\/section>\n","protected":false},"excerpt":{"rendered":"team-akzentEl equipo Akzent apuesta por el aprendizaje de alem\u00e1n al m\u00e1s alto nivel.Los profesores en AkzentPara ejercer como profesor en Akzent, el candidato debe cumplir dos requisitos: ser nativo y tener los estudios universitarios correspondientes. Igualmente importante son sus capacidades pedag\u00f3gicas y su talento personal para ense\u00f1ar.Nuestros profesores transmiten de manera met\u00f3dica los conceptos gramaticales...","protected":false},"author":1,"featured_media":0,"parent":0,"menu_order":0,"comment_status":"closed","ping_status":"closed","template":"","meta":{"footnotes":""},"class_list":["post-890","page","type-page","status-publish","hentry"],"aioseo_notices":[],"_links":{"self":[{"href":"https:\/\/www.akzent-palma.com\/es\/wp-json\/wp\/v2\/pages\/890","targetHints":{"allow":["GET"]}}],"collection":[{"href":"https:\/\/www.akzent-palma.com\/es\/wp-json\/wp\/v2\/pages"}],"about":[{"href":"https:\/\/www.akzent-palma.com\/es\/wp-json\/wp\/v2\/types\/page"}],"author":[{"embeddable":true,"href":"https:\/\/www.akzent-palma.com\/es\/wp-json\/wp\/v2\/users\/1"}],"replies":[{"embeddable":true,"href":"https:\/\/www.akzent-palma.com\/es\/wp-json\/wp\/v2\/comments?post=890"}],"version-history":[{"count":12,"href":"https:\/\/www.akzent-palma.com\/es\/wp-json\/wp\/v2\/pages\/890\/revisions"}],"predecessor-version":[{"id":1525,"href":"https:\/\/www.akzent-palma.com\/es\/wp-json\/wp\/v2\/pages\/890\/revisions\/1525"}],"wp:attachment":[{"href":"https:\/\/www.akzent-palma.com\/es\/wp-json\/wp\/v2\/media?parent=890"}],"curies":[{"name":"wp","href":"https:\/\/api.w.org\/{rel}","templated":true}]}}