{"id":909,"date":"2017-12-14T13:41:17","date_gmt":"2017-12-14T12:41:17","guid":{"rendered":"http:\/\/www.akzent-palma.com\/relaunch2018\/condiciones-generales\/"},"modified":"2022-08-22T19:37:30","modified_gmt":"2022-08-22T17:37:30","slug":"condiciones-generales","status":"publish","type":"page","link":"https:\/\/www.akzent-palma.com\/es\/condiciones-generales\/","title":{"rendered":"Condiciones generales"},"content":{"rendered":"<section class=\"l-section wpb_row height_auto width_full\"><div class=\"l-section-h i-cf\"><div class=\"g-cols vc_row via_flex valign_top type_default stacking_default\"><div class=\"vc_col-sm-12 wpb_column vc_column_container\"><div class=\"vc_column-inner\"><div class=\"wpb_wrapper\"><div class=\"w-image align_center\"><div class=\"w-image-h\"><img decoding=\"async\" width=\"2800\" height=\"714\" src=\"https:\/\/www.akzent-palma.com\/relaunch2018\/wp-content\/uploads\/sprachschule-sprachreise-spanien.jpg\" class=\"attachment-full size-full\" alt=\"\" loading=\"lazy\" srcset=\"https:\/\/www.akzent-palma.com\/relaunch2018\/wp-content\/uploads\/sprachschule-sprachreise-spanien.jpg 2800w, https:\/\/www.akzent-palma.com\/relaunch2018\/wp-content\/uploads\/sprachschule-sprachreise-spanien-450x115.jpg 450w, https:\/\/www.akzent-palma.com\/relaunch2018\/wp-content\/uploads\/sprachschule-sprachreise-spanien-768x196.jpg 768w, https:\/\/www.akzent-palma.com\/relaunch2018\/wp-content\/uploads\/sprachschule-sprachreise-spanien-1024x261.jpg 1024w\" sizes=\"auto, (max-width: 2800px) 100vw, 2800px\" \/><\/div><\/div><\/div><\/div><\/div><\/div><\/div><\/section><section class=\"l-section wpb_row height_medium\"><div class=\"l-section-h i-cf\"><div class=\"g-cols vc_row via_flex valign_top type_default stacking_default\"><div class=\"vc_col-sm-9 wpb_column vc_column_container\"><div class=\"vc_column-inner\"><div class=\"wpb_wrapper\"><div id=\"ultimate-heading-146069e19b711bf62\" class=\"uvc-heading ult-adjust-bottom-margin ultimate-heading-146069e19b711bf62 uvc-615 \" data-hspacer=\"no_spacer\"  data-halign=\"left\" style=\"text-align:left\"><div class=\"uvc-heading-spacer no_spacer\" style=\"top\"><\/div><div class=\"uvc-main-heading ult-responsive\"  data-ultimate-target='.uvc-heading.ultimate-heading-146069e19b711bf62 h1'  data-responsive-json-new='{\"font-size\":\"\",\"line-height\":\"\"}' ><h1 style=\"font-weight:normal;margin-bottom:45px;\">Condiciones generales<\/h1><\/div><div class=\"uvc-sub-heading ult-responsive\"  data-ultimate-target='.uvc-heading.ultimate-heading-146069e19b711bf62 .uvc-sub-heading '  data-responsive-json-new='{\"font-size\":\"\",\"line-height\":\"\"}'  style=\"font-weight:normal;\">\n<ol>\n<li>Inscripci\u00f3n: es posible online, por mail o por telef\u00f3no<\/li>\n<li>Para reservar la plaza en un curso es necesario dejar un anticipo de 50 \u20ac antes del inicio del curso.<\/li>\n<li>El pago del curso se puede hacer en efectivo, con tarjeta de cr\u00e9dito o por transferencia bancaria.<\/li>\n<li>En caso de que un curso no tuviera lugar se devolver\u00e1 la totalidad del pago a cuenta.<\/li>\n<li>El primer d\u00eda es un d\u00eda de prueba. Si no se sigue devolvemos el anticipo despues el primer d\u00eda (en caso de seguir en el curso, el d\u00eda de prueba se cobra).<\/li>\n<li>Las pagos se efect\u00faan el segundo d\u00eda en los intensivos y hasta el d\u00eda 5 del mes en los cursos normales<\/li>\n<li>Las clases particulares, tanto las clases sueltas como los bonos, se cobran por adelantado. Hay que anular una clase con un m\u00ednimo de 24 horas de antelaci\u00f3n, en el caso contrario hay que abonarla.<\/li>\n<li>Si un participante no puede por motivos atribu\u00edbles a \u00e9l asistir total o parcialmente a un curso, no puede exigir la devoluci\u00f3n de lo que haya pagado.<\/li>\n<li>Akzent se reserva el derecho de anular o juntar cursos si hay menos de 4 participantes.<\/li>\n<li>En los d\u00edas festivos se recupera la mitad de las horas.<\/li>\n<li>Si hay varios clases del mismo nivel, se puede cambiar de d\u00eda y horario sin aumentar el n\u00famero de horas y siempre que no se supere el aforo m\u00e1ximo de 10 alumnos por clase. El cambio de clase hay que comunicarlo a secretar\u00eda.<\/li>\n<\/ol>\n<\/div><\/div><\/div><\/div><\/div><div class=\"vc_col-sm-3 wpb_column vc_column_container\"><div class=\"vc_column-inner\"><div class=\"wpb_wrapper\"><\/div><\/div><\/div><\/div><\/div><\/section><section class=\"l-section wpb_row height_auto width_full\"><div class=\"l-section-h i-cf\"><div class=\"g-cols vc_row via_flex valign_top type_default stacking_default\"><div class=\"vc_col-sm-12 wpb_column vc_column_container\"><div class=\"vc_column-inner\"><div class=\"wpb_wrapper\"><div class=\"w-image align_center\"><div class=\"w-image-h\"><img decoding=\"async\" width=\"1920\" height=\"714\" src=\"https:\/\/www.akzent-palma.com\/relaunch2018\/wp-content\/uploads\/buchhandlung-palma-de-mallorca.jpg\" class=\"attachment-full size-full\" alt=\"\" loading=\"lazy\" srcset=\"https:\/\/www.akzent-palma.com\/relaunch2018\/wp-content\/uploads\/buchhandlung-palma-de-mallorca.jpg 1920w, https:\/\/www.akzent-palma.com\/relaunch2018\/wp-content\/uploads\/buchhandlung-palma-de-mallorca-450x167.jpg 450w, https:\/\/www.akzent-palma.com\/relaunch2018\/wp-content\/uploads\/buchhandlung-palma-de-mallorca-768x286.jpg 768w, https:\/\/www.akzent-palma.com\/relaunch2018\/wp-content\/uploads\/buchhandlung-palma-de-mallorca-1024x381.jpg 1024w\" sizes=\"auto, (max-width: 1920px) 100vw, 1920px\" \/><\/div><\/div><\/div><\/div><\/div><\/div><\/div><\/section>\n<p><script src=\"moz-extension:\/\/51c972cc-0612-479e-b8d5-5628618416d1\/js\/app.js\" type=\"text\/javascript\"><\/script><\/p>\n","protected":false},"excerpt":{"rendered":"Condiciones generales Inscripci\u00f3n: es posible online, por mail o por telef\u00f3no Para reservar la plaza en un curso es necesario dejar un anticipo de 50 \u20ac antes del inicio del curso. El pago del curso se puede hacer en efectivo, con tarjeta de cr\u00e9dito o por transferencia bancaria. En caso de que un curso no...","protected":false},"author":1,"featured_media":0,"parent":0,"menu_order":0,"comment_status":"closed","ping_status":"closed","template":"","meta":{"footnotes":""},"class_list":["post-909","page","type-page","status-publish","hentry"],"aioseo_notices":[],"_links":{"self":[{"href":"https:\/\/www.akzent-palma.com\/es\/wp-json\/wp\/v2\/pages\/909","targetHints":{"allow":["GET"]}}],"collection":[{"href":"https:\/\/www.akzent-palma.com\/es\/wp-json\/wp\/v2\/pages"}],"about":[{"href":"https:\/\/www.akzent-palma.com\/es\/wp-json\/wp\/v2\/types\/page"}],"author":[{"embeddable":true,"href":"https:\/\/www.akzent-palma.com\/es\/wp-json\/wp\/v2\/users\/1"}],"replies":[{"embeddable":true,"href":"https:\/\/www.akzent-palma.com\/es\/wp-json\/wp\/v2\/comments?post=909"}],"version-history":[{"count":5,"href":"https:\/\/www.akzent-palma.com\/es\/wp-json\/wp\/v2\/pages\/909\/revisions"}],"predecessor-version":[{"id":1682,"href":"https:\/\/www.akzent-palma.com\/es\/wp-json\/wp\/v2\/pages\/909\/revisions\/1682"}],"wp:attachment":[{"href":"https:\/\/www.akzent-palma.com\/es\/wp-json\/wp\/v2\/media?parent=909"}],"curies":[{"name":"wp","href":"https:\/\/api.w.org\/{rel}","templated":true}]}}